{"id":516,"date":"2017-10-25T12:25:24","date_gmt":"2017-10-25T10:25:24","guid":{"rendered":"http:\/\/www.plust.it\/profile\/"},"modified":"2021-10-08T11:53:08","modified_gmt":"2021-10-08T09:53:08","slug":"profile","status":"publish","type":"page","link":"https:\/\/www.plust.it\/es\/profile\/","title":{"rendered":"Perfil"},"content":{"rendered":"<p class=\"p1\">Fue en 2006 cuando empezamos a dialogar con algunos de los dise\u00f1adores m\u00e1s importantes de la nueva generaci\u00f3n: un periodo de viva confrontaci\u00f3n del que salimos enriquecidos tanto humana como culturalmente.<span class=\"Apple-converted-space\">\u00a0<\/span><\/p>\n<p class=\"p1\">Lo que fue un reto inicial se ha consolidado en un estilo que nos ve en continua transformaci\u00f3n.<span class=\"Apple-converted-space\">\u00a0<\/span><\/p>\n<p class=\"p1\">\u00a1PLUST es curiosidad irrefrenable!<\/p>\n<p><a class=\"btn btn-warning text-gotham display-4 mt-5\" href=\"https:\/\/www.plust.it\/the-outdoor-attitude\/\">OUTDOOR ATTITUDE<\/a><\/p>\n","protected":false},"excerpt":{"rendered":"<p>Fue en 2006 cuando empezamos a dialogar con algunos de los dise\u00f1adores m\u00e1s importantes de la nueva generaci\u00f3n: un periodo de viva confrontaci\u00f3n del que salimos enriquecidos tanto humana como culturalmente.\u00a0 Lo que fue un reto inicial se ha consolidado en un estilo que nos ve en continua transformaci\u00f3n.\u00a0 \u00a1PLUST es curiosidad irrefrenable! OUTDOOR ATTITUDE<\/p>\n","protected":false},"author":1,"featured_media":0,"parent":0,"menu_order":81,"comment_status":"closed","ping_status":"closed","template":"template-profile.php","meta":{"footnotes":""},"class_list":["post-516","page","type-page","status-publish","hentry"],"_links":{"self":[{"href":"https:\/\/www.plust.it\/es\/wp-json\/wp\/v2\/pages\/516"}],"collection":[{"href":"https:\/\/www.plust.it\/es\/wp-json\/wp\/v2\/pages"}],"about":[{"href":"https:\/\/www.plust.it\/es\/wp-json\/wp\/v2\/types\/page"}],"author":[{"embeddable":true,"href":"https:\/\/www.plust.it\/es\/wp-json\/wp\/v2\/users\/1"}],"replies":[{"embeddable":true,"href":"https:\/\/www.plust.it\/es\/wp-json\/wp\/v2\/comments?post=516"}],"version-history":[{"count":7,"href":"https:\/\/www.plust.it\/es\/wp-json\/wp\/v2\/pages\/516\/revisions"}],"predecessor-version":[{"id":39124,"href":"https:\/\/www.plust.it\/es\/wp-json\/wp\/v2\/pages\/516\/revisions\/39124"}],"wp:attachment":[{"href":"https:\/\/www.plust.it\/es\/wp-json\/wp\/v2\/media?parent=516"}],"curies":[{"name":"wp","href":"https:\/\/api.w.org\/{rel}","templated":true}]}}