{"id":513,"date":"2017-10-25T12:25:35","date_gmt":"2017-10-25T10:25:35","guid":{"rendered":"http:\/\/www.plust.it\/enviroenment\/"},"modified":"2025-07-02T08:26:30","modified_gmt":"2025-07-02T06:26:30","slug":"certificaciones-2","status":"publish","type":"page","link":"https:\/\/www.plust.it\/es\/certificaciones-2\/","title":{"rendered":"Certificaciones"},"content":{"rendered":"<div class=\"ds-left\">\n<div class=\"field field-name-field-introduction\">\n<div class=\"ds-left\">\n<div class=\"field field-name-field-introduction\">\n<p>CALIDAD, MEDIO AMBIENTE, SEGURIDAD.<\/p>\n<\/div>\n<div class=\"field field-name-field-body\">\n<p>Gracias a tres distintos <strong>sistemas de gesti\u00f3n<\/strong> podemos garantizar calidad y fiabilidad desde la producci\u00f3n hasta la distribuci\u00f3n.<\/p>\n<p>Hemos decidido cumplir con las <strong>normativas severas<\/strong> para garantizar no solo la <strong>satisfacci\u00f3n de los clientes<\/strong>, sino tambi\u00e9n el <strong>respeto del medio ambiente<\/strong> y la <strong>protecci\u00f3n de la salud<\/strong>.<\/p>\n<p>SISTEMA DE GESTI\u00d3N DE LA CALIDAD (ISO 9001:2015)<br \/>\nAplicado desde 1997 para afirmar la seriedad comercial de nuestros productos y atender las necesidades de nuestros clientes, cumple con la <strong>Norma ISO 9001:2015 y est\u00e1 certificado por el organismo DNV GL<\/strong>.<\/p>\n<p>SISTEMA DE GESTI\u00d3N MEDIOAMBIENTAL (ISO 14001:2015)<br \/>\nDesde siempre somos <strong>sensibles a los temas del medio ambiente<\/strong>: en 2001, confirmando nuestro compromiso, hemos adoptado tambi\u00e9n un sistema de gesti\u00f3n medioambiental certificado por el Organismo DNV GL, de conformidad con lo previsto por la <strong>Norma ISO 14001:2015<\/strong>.<\/p>\n<p>SISTEMA DE GESTI\u00d3N DE LA SEGURIDAD (ISO 45001:2018)<br \/>\nDesde el inicio de nuestra actividad productiva hemos apostado constantemente por la <strong>seguridad en los lugares de trabajo<\/strong>. Nuestro compromiso se ha visto premiado con la certificaci\u00f3n del <strong>Sistema de Gesti\u00f3n de la Seguridad ISO 45001:2018<\/strong>, una norma que regula la <strong>propensi\u00f3n al mejoramiento continuo<\/strong> en las actividades desarrolladas por los trabajadores ocupados en nuestra organizaci\u00f3n, <strong>en el respeto de la legislaci\u00f3n en vigor<\/strong> y de los m\u00e1s avanzados est\u00e1ndares de seguridad nacionales e internacionales.<\/p>\n<p><a title=\"certificatoeuro3plasts.p.a.iso9001-2019-10-24.pdf\" href=\"https:\/\/www.euro3plast.com\/index.php?controller=attachment&amp;id_attachment=78\" type=\"application\/pdf; length=1029484\">Certificado calidad<\/a><\/p>\n<p><a title=\"certificatoeuro3plasts.p.a.iso14001-2019-10-07.pdf\" href=\"https:\/\/www.euro3plast.com\/index.php?controller=attachment&amp;id_attachment=79\" type=\"application\/pdf; length=1037645\">Certificado medio ambiente<\/a><\/p>\n<p><a title=\"certificato-euro3plasts.p.a.iso45001-2019-10-231.pdf\" href=\"https:\/\/www.euro3plast.com\/index.php?controller=attachment&amp;id_attachment=80\" type=\"application\/pdf; length=1025930\">Certificado seguridad<\/a><\/p>\n<p><a title=\"certificato-euro3plasts.p.a.iso45001-2019-10-231.pdf\" href=\"https:\/\/www.euro3plast.com\/index.php?controller=attachment&amp;id_attachment=82\" type=\"application\/pdf; length=1025930\">Declaraci\u00f3n ISO 14064 &#8211; 2022<\/a><\/p>\n<\/div>\n<\/div>\n<\/div>\n<\/div>\n","protected":false},"excerpt":{"rendered":"<p>CALIDAD, MEDIO AMBIENTE, SEGURIDAD. Gracias a tres distintos sistemas de gesti\u00f3n podemos garantizar calidad y fiabilidad desde la producci\u00f3n hasta la distribuci\u00f3n. Hemos decidido cumplir con las normativas severas para garantizar no solo la satisfacci\u00f3n de los clientes, sino tambi\u00e9n el respeto del medio ambiente y la protecci\u00f3n de la salud. SISTEMA DE GESTI\u00d3N DE &#8230;<\/p>\n","protected":false},"author":1,"featured_media":0,"parent":0,"menu_order":61,"comment_status":"closed","ping_status":"closed","template":"template-enviroenment.php","meta":{"footnotes":""},"class_list":["post-513","page","type-page","status-publish","hentry"],"_links":{"self":[{"href":"https:\/\/www.plust.it\/es\/wp-json\/wp\/v2\/pages\/513"}],"collection":[{"href":"https:\/\/www.plust.it\/es\/wp-json\/wp\/v2\/pages"}],"about":[{"href":"https:\/\/www.plust.it\/es\/wp-json\/wp\/v2\/types\/page"}],"author":[{"embeddable":true,"href":"https:\/\/www.plust.it\/es\/wp-json\/wp\/v2\/users\/1"}],"replies":[{"embeddable":true,"href":"https:\/\/www.plust.it\/es\/wp-json\/wp\/v2\/comments?post=513"}],"version-history":[{"count":30,"href":"https:\/\/www.plust.it\/es\/wp-json\/wp\/v2\/pages\/513\/revisions"}],"predecessor-version":[{"id":56239,"href":"https:\/\/www.plust.it\/es\/wp-json\/wp\/v2\/pages\/513\/revisions\/56239"}],"wp:attachment":[{"href":"https:\/\/www.plust.it\/es\/wp-json\/wp\/v2\/media?parent=513"}],"curies":[{"name":"wp","href":"https:\/\/api.w.org\/{rel}","templated":true}]}}