{"id":511,"date":"2017-10-25T12:25:51","date_gmt":"2017-10-25T10:25:51","guid":{"rendered":"http:\/\/www.plust.it\/philosophy\/"},"modified":"2021-10-08T12:13:45","modified_gmt":"2021-10-08T10:13:45","slug":"philosophy","status":"publish","type":"page","link":"https:\/\/www.plust.it\/es\/philosophy\/","title":{"rendered":"Filosof\u00eca"},"content":{"rendered":"<div class=\"ds-left\">\n<div class=\"field field-name-field-introduction\">\n<p><span class=\"text-gotham display-2 text-yellow fw-700\">PLUST COLLECTION<\/span> <span class=\"d-block text-gotham display-4 fw-300\"> LA NUEVA GENERACI\u00d3N DEL PL\u00c1STICO<\/span><\/p>\n<\/div>\n<div class=\"field field-name-field-body\">\n<p>El pensamiento, los proyectos, los dise\u00f1adores, las t\u00e9cnicas, la materia, todo en PLUST Collection pertenece a la nueva generaci\u00f3n del dise\u00f1o y del vivir moderno.<br \/>\nPLUST Collection nace en 2006 como marca de dise\u00f1o de euro3plast Spa, empresa l\u00edder en la fabricaci\u00f3n de maceteros y jarrones tradicionales, distribuidos en todo el mundo, que cuenta con una producci\u00f3n certificada, completamente Made in Italy.<br \/>\nEl proyecto PLUST Collection estudia las posibilidades pl\u00e1sticas de la materia, presentando una nueva visi\u00f3n del concepto de macetero de gran tama\u00f1o, de la decoraci\u00f3n y de la luz que empieza partiendo de su disposici\u00f3n en el espacio: todos los proyectos son aptos para espacios interiores y exteriores.<br \/>\nEsta caracter\u00edstica peculiar se conjuga a la perfecci\u00f3n con el uso de resinas de color, ligeras y resistentes, plasmadas por los rasgos que surgen de los l\u00e1pices del dise\u00f1ador.<br \/>\nLas colecciones se liberan de las tendencias del momento para orientarse hacia un dise\u00f1o puro, basado en el uso funcional de una forma que, a su vez, inspira y sugiere nuevas posibilidades decorativas de nuestros ambientes.<br \/>\nPLUST Collection no es solo un producto, sino tambi\u00e9n un sistema de servicios destinados al cliente final y a los dise\u00f1adores de interiores, con la posibilidad de colaborar tanto con los vol\u00famenes reducidos de la producci\u00f3n del cliente particular, como con las cifras m\u00e1s grandes relacionadas con los suministros de equipamientos de uso colectivo.<br \/>\nLa calidad del procesamiento, las nuevas tecnolog\u00edas y el respeto por el medio ambiente son visibles en cada fase del ciclo de vida del producto: de hecho euro3plast ha obtenido las certificaciones por los mejores niveles de garant\u00eda y seguridad, as\u00ed como los reconocimientos por los sistemas de producci\u00f3n innovadores.<\/p>\n<p>&nbsp;<\/p>\n<p><img loading=\"lazy\" decoding=\"async\" class=\"aligncenter wp-image-16066 size-large\" src=\"https:\/\/www.plust.it\/content\/uploads\/2018\/05\/filosofia-1-1024x481.jpg\" alt=\"\" width=\"1024\" height=\"481\" \/><\/p>\n<\/div>\n<\/div>\n","protected":false},"excerpt":{"rendered":"<p>PLUST COLLECTION LA NUEVA GENERACI\u00d3N DEL PL\u00c1STICO El pensamiento, los proyectos, los dise\u00f1adores, las t\u00e9cnicas, la materia, todo en PLUST Collection pertenece a la nueva generaci\u00f3n del dise\u00f1o y del vivir moderno. PLUST Collection nace en 2006 como marca de dise\u00f1o de euro3plast Spa, empresa l\u00edder en la fabricaci\u00f3n de maceteros y jarrones tradicionales, distribuidos &#8230;<\/p>\n","protected":false},"author":1,"featured_media":15996,"parent":0,"menu_order":80,"comment_status":"closed","ping_status":"closed","template":"","meta":{"footnotes":""},"class_list":["post-511","page","type-page","status-publish","has-post-thumbnail","hentry"],"_links":{"self":[{"href":"https:\/\/www.plust.it\/es\/wp-json\/wp\/v2\/pages\/511"}],"collection":[{"href":"https:\/\/www.plust.it\/es\/wp-json\/wp\/v2\/pages"}],"about":[{"href":"https:\/\/www.plust.it\/es\/wp-json\/wp\/v2\/types\/page"}],"author":[{"embeddable":true,"href":"https:\/\/www.plust.it\/es\/wp-json\/wp\/v2\/users\/1"}],"replies":[{"embeddable":true,"href":"https:\/\/www.plust.it\/es\/wp-json\/wp\/v2\/comments?post=511"}],"version-history":[{"count":8,"href":"https:\/\/www.plust.it\/es\/wp-json\/wp\/v2\/pages\/511\/revisions"}],"predecessor-version":[{"id":39131,"href":"https:\/\/www.plust.it\/es\/wp-json\/wp\/v2\/pages\/511\/revisions\/39131"}],"wp:featuredmedia":[{"embeddable":true,"href":"https:\/\/www.plust.it\/es\/wp-json\/wp\/v2\/media\/15996"}],"wp:attachment":[{"href":"https:\/\/www.plust.it\/es\/wp-json\/wp\/v2\/media?parent=511"}],"curies":[{"name":"wp","href":"https:\/\/api.w.org\/{rel}","templated":true}]}}