{"id":40785,"date":"2021-06-28T13:26:16","date_gmt":"2021-06-28T11:26:16","guid":{"rendered":"https:\/\/www.plust.it\/disenador\/"},"modified":"2022-11-16T10:06:06","modified_gmt":"2022-11-16T09:06:06","slug":"convertirse-en-revendedor-autorizado","status":"publish","type":"page","link":"https:\/\/www.plust.it\/es\/convertirse-en-revendedor-autorizado\/","title":{"rendered":"Como convertirse en revendedor autorizado"},"content":{"rendered":"<p><strong>Para convertirse en un revendedor autorizado de Plust Collection s\u00f3lo tienes que montar algunas zonas de exposici\u00f3n con nuestros productos en tu tienda.<\/strong><\/p>\n<p>Poner nuestro logotipo y los productos del cat\u00e1logo en tu sitio web (si est\u00e1 disponible)<\/p>\n<p>Las soluciones de exposici\u00f3n incluyen tres tipos de rincones, cada uno de ellos compuesto por art\u00edculos seleccionados para captar la atenci\u00f3n del visitante.<\/p>\n<p>El material de exposici\u00f3n se vender\u00e1 a precios especiales, mientras que la herramienta de merchandising de asistencia ser\u00e1 gratuita.<\/p>\n<p>Al elegir encender un foco en Plust Collection, aparecer\u00e1 autom\u00e1ticamente en la secci\u00f3n correspondiente de nuestro sitio web, convirti\u00e9ndose en un punto de venta privilegiado en el territorio.<\/p>\n<p><strong>LAS HERRAMIENTAS A DISPOSICI\u00d3N:<\/strong><\/p>\n<ul>\n<li>Cat\u00e1logo<\/li>\n<li>Folleto<\/li>\n<li>Flyer<\/li>\n<li>T\u00f3tem de aluminio 21&#215;116 cm<\/li>\n<li>Paneles forex y banners con logotipos para crear el rinc\u00f3n<\/li>\n<li>Kit de herramientas digitales (im\u00e1genes, documentos y descripciones para el sitio web)<\/li>\n<\/ul>\n<p>Ponte en contacto con nosotros para descubrir todas las soluciones.<\/p>\n<p>Nosotros para ti.<br \/>\n<a class=\"btn btn-warning text-gotham display-6 mt-7\" href=\"https:\/\/www.plust.it\/es\/contactos\/\">CONT\u00c1CTENOS<\/a><\/p>\n<p>&nbsp;<\/p>\n","protected":false},"excerpt":{"rendered":"<p>Para convertirse en un revendedor autorizado de Plust Collection s\u00f3lo tienes que montar algunas zonas de exposici\u00f3n con nuestros productos en tu tienda. Poner nuestro logotipo y los productos del cat\u00e1logo en tu sitio web (si est\u00e1 disponible) Las soluciones de exposici\u00f3n incluyen tres tipos de rincones, cada uno de ellos compuesto por art\u00edculos seleccionados &#8230;<\/p>\n","protected":false},"author":6,"featured_media":0,"parent":0,"menu_order":12,"comment_status":"closed","ping_status":"closed","template":"template-custom.php","meta":{"footnotes":""},"class_list":["post-40785","page","type-page","status-publish","hentry"],"_links":{"self":[{"href":"https:\/\/www.plust.it\/es\/wp-json\/wp\/v2\/pages\/40785"}],"collection":[{"href":"https:\/\/www.plust.it\/es\/wp-json\/wp\/v2\/pages"}],"about":[{"href":"https:\/\/www.plust.it\/es\/wp-json\/wp\/v2\/types\/page"}],"author":[{"embeddable":true,"href":"https:\/\/www.plust.it\/es\/wp-json\/wp\/v2\/users\/6"}],"replies":[{"embeddable":true,"href":"https:\/\/www.plust.it\/es\/wp-json\/wp\/v2\/comments?post=40785"}],"version-history":[{"count":7,"href":"https:\/\/www.plust.it\/es\/wp-json\/wp\/v2\/pages\/40785\/revisions"}],"predecessor-version":[{"id":42248,"href":"https:\/\/www.plust.it\/es\/wp-json\/wp\/v2\/pages\/40785\/revisions\/42248"}],"wp:attachment":[{"href":"https:\/\/www.plust.it\/es\/wp-json\/wp\/v2\/media?parent=40785"}],"curies":[{"name":"wp","href":"https:\/\/api.w.org\/{rel}","templated":true}]}}