{"id":37697,"date":"2021-06-28T12:47:46","date_gmt":"2021-06-28T10:47:46","guid":{"rendered":"https:\/\/www.plust.it\/newlife\/"},"modified":"2023-04-05T16:05:40","modified_gmt":"2023-04-05T14:05:40","slug":"decor","status":"publish","type":"page","link":"https:\/\/www.plust.it\/es\/decor\/","title":{"rendered":"decor"},"content":{"rendered":"<p class=\"p1\"><b>DECOR<\/b> representa la culminaci\u00f3n de la investigaci\u00f3n de Plust en el campo de la sostenibilidad, una mezcla \u00fanica y un formato exclusivo de hasta un <b>80% de material derivado de residuos de procesos industriales<\/b>, a los que se da una nueva vida.<span class=\"Apple-converted-space\">\u00a0<\/span><b>DECOR<\/b> es un material reciclado y reciclable que difiere de cualquier otro en el mundo del dise\u00f1o, un acabado refinado, texturizado y art\u00edstico. Los muebles Plust fabricados con <b>DECOR<\/b> vibran con su acabado, que casi recuerda a un <b>terrazo veneciano<\/b> contempor\u00e1neo y colorido, caracterizando los exteriores con formas elegantes y esculturales. Iluminado en las horas nocturnas, <b>DECOR<\/b> muestra su alma transform\u00e1ndose en un <b>caleidoscopio<\/b> que expresa toda la vida de sus colores.<\/p>\n<p><a href=\"https:\/\/www.plust.it\/content\/uploads\/2023\/03\/decor-light-2.jpg\"><img loading=\"lazy\" decoding=\"async\" class=\"alignnone wp-image-44152 size-large\" src=\"https:\/\/www.plust.it\/content\/uploads\/2023\/03\/decor-light-2-1024x723.jpg\" alt=\"\" width=\"1024\" height=\"723\" \/><\/a><\/p>\n<p>&nbsp;<\/p>\n<p><a href=\"https:\/\/www.plust.it\/content\/uploads\/2023\/04\/decor-family_ok-scaled.jpeg\"><img loading=\"lazy\" decoding=\"async\" class=\"alignnone wp-image-44309 size-large\" src=\"https:\/\/www.plust.it\/content\/uploads\/2023\/04\/decor-family_ok-1024x723.jpeg\" alt=\"\" width=\"1024\" height=\"723\" \/><\/a><\/p>\n","protected":false},"excerpt":{"rendered":"<p>DECOR representa la culminaci\u00f3n de la investigaci\u00f3n de Plust en el campo de la sostenibilidad, una mezcla \u00fanica y un formato exclusivo de hasta un 80% de material derivado de residuos de procesos industriales, a los que se da una nueva vida.\u00a0DECOR es un material reciclado y reciclable que difiere de cualquier otro en el &#8230;<\/p>\n","protected":false},"author":1,"featured_media":0,"parent":0,"menu_order":21,"comment_status":"closed","ping_status":"closed","template":"template-newlife.php","meta":{"footnotes":""},"class_list":["post-37697","page","type-page","status-publish","hentry"],"_links":{"self":[{"href":"https:\/\/www.plust.it\/es\/wp-json\/wp\/v2\/pages\/37697"}],"collection":[{"href":"https:\/\/www.plust.it\/es\/wp-json\/wp\/v2\/pages"}],"about":[{"href":"https:\/\/www.plust.it\/es\/wp-json\/wp\/v2\/types\/page"}],"author":[{"embeddable":true,"href":"https:\/\/www.plust.it\/es\/wp-json\/wp\/v2\/users\/1"}],"replies":[{"embeddable":true,"href":"https:\/\/www.plust.it\/es\/wp-json\/wp\/v2\/comments?post=37697"}],"version-history":[{"count":12,"href":"https:\/\/www.plust.it\/es\/wp-json\/wp\/v2\/pages\/37697\/revisions"}],"predecessor-version":[{"id":44312,"href":"https:\/\/www.plust.it\/es\/wp-json\/wp\/v2\/pages\/37697\/revisions\/44312"}],"wp:attachment":[{"href":"https:\/\/www.plust.it\/es\/wp-json\/wp\/v2\/media?parent=37697"}],"curies":[{"name":"wp","href":"https:\/\/api.w.org\/{rel}","templated":true}]}}