{"id":37692,"date":"2021-06-28T13:26:16","date_gmt":"2021-06-28T11:26:16","guid":{"rendered":"https:\/\/www.plust.it\/the-outdoor-attitude\/"},"modified":"2021-09-14T10:06:04","modified_gmt":"2021-09-14T08:06:04","slug":"actitud-al-aire-libre","status":"publish","type":"page","link":"https:\/\/www.plust.it\/es\/actitud-al-aire-libre\/","title":{"rendered":"Outdoor attitude"},"content":{"rendered":"<p><strong>UNA HISTORIA QUE CONTAR AL AIRE LIBRE<\/strong><br \/>\nLa colecci\u00f3n Plust encierra un alma exterior capaz de superar cualquier v\u00ednculo y abarcar infinitos espacios donde cualquiera puede encontrar su \u00abbuen retiro\u00bb. Es natural reconocerse en los objetos que tienen historias que contar y Plust lo hace demostrando ser una idea m\u00e1s all\u00e1 de la forma. Cada producto es el resultado de un viaje, de un paseo a orillas del mar, de una cumbre escalada. Es la memoria s\u00f3lida que se asienta sobre superficies rugosas o lisas, es la emoci\u00f3n ligera que dibuja l\u00edneas sugerentes pint\u00e1ndolas con los colores del mundo.<br \/>\nPlust es para los que se toman la vida con s\u00f3lida ligereza.<\/p>\n","protected":false},"excerpt":{"rendered":"<p>UNA HISTORIA QUE CONTAR AL AIRE LIBRE La colecci\u00f3n Plust encierra un alma exterior capaz de superar cualquier v\u00ednculo y abarcar infinitos espacios donde cualquiera puede encontrar su \u00abbuen retiro\u00bb. Es natural reconocerse en los objetos que tienen historias que contar y Plust lo hace demostrando ser una idea m\u00e1s all\u00e1 de la forma. Cada &#8230;<\/p>\n","protected":false},"author":1,"featured_media":0,"parent":0,"menu_order":6,"comment_status":"closed","ping_status":"closed","template":"template-custom.php","meta":{"footnotes":""},"class_list":["post-37692","page","type-page","status-publish","hentry"],"_links":{"self":[{"href":"https:\/\/www.plust.it\/es\/wp-json\/wp\/v2\/pages\/37692"}],"collection":[{"href":"https:\/\/www.plust.it\/es\/wp-json\/wp\/v2\/pages"}],"about":[{"href":"https:\/\/www.plust.it\/es\/wp-json\/wp\/v2\/types\/page"}],"author":[{"embeddable":true,"href":"https:\/\/www.plust.it\/es\/wp-json\/wp\/v2\/users\/1"}],"replies":[{"embeddable":true,"href":"https:\/\/www.plust.it\/es\/wp-json\/wp\/v2\/comments?post=37692"}],"version-history":[{"count":15,"href":"https:\/\/www.plust.it\/es\/wp-json\/wp\/v2\/pages\/37692\/revisions"}],"predecessor-version":[{"id":38679,"href":"https:\/\/www.plust.it\/es\/wp-json\/wp\/v2\/pages\/37692\/revisions\/38679"}],"wp:attachment":[{"href":"https:\/\/www.plust.it\/es\/wp-json\/wp\/v2\/media?parent=37692"}],"curies":[{"name":"wp","href":"https:\/\/api.w.org\/{rel}","templated":true}]}}