{"id":37687,"date":"2021-06-28T13:26:16","date_gmt":"2021-06-28T11:26:16","guid":{"rendered":"https:\/\/www.plust.it\/architetti\/"},"modified":"2024-04-10T12:01:27","modified_gmt":"2024-04-10T10:01:27","slug":"disenador-2","status":"publish","type":"page","link":"https:\/\/www.plust.it\/es\/disenador-2\/","title":{"rendered":"Progettisti"},"content":{"rendered":"<p>Para ti que acoges e interpretas los deseos de la gente, un camino dedicado en el mundo de la Colecci\u00f3n Plust.<br \/>\nPuedes encontrar muchas soluciones ya listas, o puedes pensar en realizarlas intercambiando habilidades con nosotros, partidarios convencidos de la creatividad en la producci\u00f3n. Para ello, aportamos nuestros productos y nuestra experiencia a favor de la demanda de experimentaci\u00f3n que nos aporta el mundo del dise\u00f1o de muebles. Lo hacemos gracias a un equipo de trabajo que siempre est\u00e1 dispuesto a perseguir nuevos sue\u00f1os y visiones, transform\u00e1ndolos en una valiosa realidad.<\/p>\n<p>La Colecci\u00f3n Plust no ofrece s\u00f3lo dise\u00f1o, sino que regala el alma buena del pl\u00e1stico: resistencia, reciclabilidad, durabilidad, practicidad.<br \/>\nAl elegir el acabado Newlife, fomentas la cultura del reciclaje y ofreces a los amantes de la naturaleza la posibilidad de ser verdaderamente sostenibles.<\/p>\n<p>Nuestros productos junto con tus ideas.<br \/>\n<a class=\"btn btn-warning text-gotham display-6 mt-7\" href=\"https:\/\/www.plust.it\/es\/libro-de-proyectos\/\">LIBRO DE PROYECTOS<\/a><\/p>\n<p>Los modelos 3D de nuestros art\u00edculos.<br \/>\n<a class=\"btn btn-warning text-gotham display-6 mt-7\" href=\"https:\/\/www.plust.it\/es\/myplust-download\/\">DESCARGA<\/a><\/p>\n<p>Dise\u00f1o y sostenibilidad.<br \/>\n<a class=\"btn btn-warning text-gotham display-6 mt-7\" href=\"https:\/\/www.plust.it\/es\/newlife\/\">NEWLIFE FINISHING<\/a><\/p>\n<p>Nosotros para ti.<br \/>\n<a class=\"btn btn-warning text-gotham display-6 mt-7\" href=\"https:\/\/www.plust.it\/es\/contactos\/\">CONT\u00c1CTENOS<\/a><\/p>\n<p>&nbsp;<\/p>\n","protected":false},"excerpt":{"rendered":"<p>Para ti que acoges e interpretas los deseos de la gente, un camino dedicado en el mundo de la Colecci\u00f3n Plust. Puedes encontrar muchas soluciones ya listas, o puedes pensar en realizarlas intercambiando habilidades con nosotros, partidarios convencidos de la creatividad en la producci\u00f3n. Para ello, aportamos nuestros productos y nuestra experiencia a favor de &#8230;<\/p>\n","protected":false},"author":1,"featured_media":0,"parent":0,"menu_order":7,"comment_status":"closed","ping_status":"closed","template":"template-custom.php","meta":{"footnotes":""},"class_list":["post-37687","page","type-page","status-publish","hentry"],"_links":{"self":[{"href":"https:\/\/www.plust.it\/es\/wp-json\/wp\/v2\/pages\/37687"}],"collection":[{"href":"https:\/\/www.plust.it\/es\/wp-json\/wp\/v2\/pages"}],"about":[{"href":"https:\/\/www.plust.it\/es\/wp-json\/wp\/v2\/types\/page"}],"author":[{"embeddable":true,"href":"https:\/\/www.plust.it\/es\/wp-json\/wp\/v2\/users\/1"}],"replies":[{"embeddable":true,"href":"https:\/\/www.plust.it\/es\/wp-json\/wp\/v2\/comments?post=37687"}],"version-history":[{"count":11,"href":"https:\/\/www.plust.it\/es\/wp-json\/wp\/v2\/pages\/37687\/revisions"}],"predecessor-version":[{"id":50076,"href":"https:\/\/www.plust.it\/es\/wp-json\/wp\/v2\/pages\/37687\/revisions\/50076"}],"wp:attachment":[{"href":"https:\/\/www.plust.it\/es\/wp-json\/wp\/v2\/media?parent=37687"}],"curies":[{"name":"wp","href":"https:\/\/api.w.org\/{rel}","templated":true}]}}