{"id":37685,"date":"2021-06-29T07:35:47","date_gmt":"2021-06-29T05:35:47","guid":{"rendered":"https:\/\/www.plust.it\/punti-vendita\/"},"modified":"2021-09-14T09:54:47","modified_gmt":"2021-09-14T07:54:47","slug":"distribuidores-autorizados","status":"publish","type":"page","link":"https:\/\/www.plust.it\/es\/distribuidores-autorizados\/","title":{"rendered":"Punti vendita"},"content":{"rendered":"<p><strong>D\u00f3nde estamos:<\/strong><br \/>\nAqu\u00ed est\u00e1 la lista de los puntos de venta donde puedes encontrar informaci\u00f3n sobre nuestra l\u00ednea de productos y un rinc\u00f3n de exposici\u00f3n permanente para tocar la calidad de Plust.<\/p>\n","protected":false},"excerpt":{"rendered":"<p>D\u00f3nde estamos: Aqu\u00ed est\u00e1 la lista de los puntos de venta donde puedes encontrar informaci\u00f3n sobre nuestra l\u00ednea de productos y un rinc\u00f3n de exposici\u00f3n permanente para tocar la calidad de Plust.<\/p>\n","protected":false},"author":1,"featured_media":0,"parent":0,"menu_order":1,"comment_status":"closed","ping_status":"closed","template":"template-punti-vendita.php","meta":{"footnotes":""},"class_list":["post-37685","page","type-page","status-publish","hentry"],"_links":{"self":[{"href":"https:\/\/www.plust.it\/es\/wp-json\/wp\/v2\/pages\/37685"}],"collection":[{"href":"https:\/\/www.plust.it\/es\/wp-json\/wp\/v2\/pages"}],"about":[{"href":"https:\/\/www.plust.it\/es\/wp-json\/wp\/v2\/types\/page"}],"author":[{"embeddable":true,"href":"https:\/\/www.plust.it\/es\/wp-json\/wp\/v2\/users\/1"}],"replies":[{"embeddable":true,"href":"https:\/\/www.plust.it\/es\/wp-json\/wp\/v2\/comments?post=37685"}],"version-history":[{"count":3,"href":"https:\/\/www.plust.it\/es\/wp-json\/wp\/v2\/pages\/37685\/revisions"}],"predecessor-version":[{"id":38677,"href":"https:\/\/www.plust.it\/es\/wp-json\/wp\/v2\/pages\/37685\/revisions\/38677"}],"wp:attachment":[{"href":"https:\/\/www.plust.it\/es\/wp-json\/wp\/v2\/media?parent=37685"}],"curies":[{"name":"wp","href":"https:\/\/api.w.org\/{rel}","templated":true}]}}