{"id":30497,"date":"2020-09-22T20:25:59","date_gmt":"2020-09-22T18:25:59","guid":{"rendered":"https:\/\/www.plust.it\/registrazione-avvenuta-con-successo-2\/"},"modified":"2020-09-22T20:27:21","modified_gmt":"2020-09-22T18:27:21","slug":"registro-exitoso-2","status":"publish","type":"page","link":"https:\/\/www.plust.it\/es\/registro-exitoso-2\/","title":{"rendered":"Registro exitoso"},"content":{"rendered":"<p>Felicitaciones! Usted est\u00e1 registrado en el \u00e1rea reservada,<br \/>\ninicie sesi\u00f3n para ver los contenidos.<\/p>\n","protected":false},"excerpt":{"rendered":"<p>Felicitaciones! Usted est\u00e1 registrado en el \u00e1rea reservada, inicie sesi\u00f3n para ver los contenidos.<\/p>\n","protected":false},"author":1,"featured_media":0,"parent":0,"menu_order":25,"comment_status":"closed","ping_status":"closed","template":"template-registration-success.php","meta":{"footnotes":""},"class_list":["post-30497","page","type-page","status-publish","hentry"],"_links":{"self":[{"href":"https:\/\/www.plust.it\/es\/wp-json\/wp\/v2\/pages\/30497"}],"collection":[{"href":"https:\/\/www.plust.it\/es\/wp-json\/wp\/v2\/pages"}],"about":[{"href":"https:\/\/www.plust.it\/es\/wp-json\/wp\/v2\/types\/page"}],"author":[{"embeddable":true,"href":"https:\/\/www.plust.it\/es\/wp-json\/wp\/v2\/users\/1"}],"replies":[{"embeddable":true,"href":"https:\/\/www.plust.it\/es\/wp-json\/wp\/v2\/comments?post=30497"}],"version-history":[{"count":1,"href":"https:\/\/www.plust.it\/es\/wp-json\/wp\/v2\/pages\/30497\/revisions"}],"predecessor-version":[{"id":30499,"href":"https:\/\/www.plust.it\/es\/wp-json\/wp\/v2\/pages\/30497\/revisions\/30499"}],"wp:attachment":[{"href":"https:\/\/www.plust.it\/es\/wp-json\/wp\/v2\/media?parent=30497"}],"curies":[{"name":"wp","href":"https:\/\/api.w.org\/{rel}","templated":true}]}}