{"id":20932,"date":"2018-07-17T13:59:52","date_gmt":"2018-07-17T11:59:52","guid":{"rendered":"https:\/\/www.plust.it\/registrazione-avvenuta-con-successo\/"},"modified":"2018-07-17T14:03:54","modified_gmt":"2018-07-17T12:03:54","slug":"registro-exitoso","status":"publish","type":"page","link":"https:\/\/www.plust.it\/es\/registro-exitoso\/","title":{"rendered":"Registro exitoso"},"content":{"rendered":"<h5>Felicitaciones! Usted est\u00e1 registrado en el \u00e1rea reservada,<br \/>\ninicie sesi\u00f3n para ver los contenidos.<\/h5>\n","protected":false},"excerpt":{"rendered":"<p>Felicitaciones! Usted est\u00e1 registrado en el \u00e1rea reservada, inicie sesi\u00f3n para ver los contenidos.<\/p>\n","protected":false},"author":1,"featured_media":0,"parent":0,"menu_order":28,"comment_status":"closed","ping_status":"closed","template":"template-registration-success.php","meta":{"footnotes":""},"class_list":["post-20932","page","type-page","status-publish","hentry"],"_links":{"self":[{"href":"https:\/\/www.plust.it\/es\/wp-json\/wp\/v2\/pages\/20932"}],"collection":[{"href":"https:\/\/www.plust.it\/es\/wp-json\/wp\/v2\/pages"}],"about":[{"href":"https:\/\/www.plust.it\/es\/wp-json\/wp\/v2\/types\/page"}],"author":[{"embeddable":true,"href":"https:\/\/www.plust.it\/es\/wp-json\/wp\/v2\/users\/1"}],"replies":[{"embeddable":true,"href":"https:\/\/www.plust.it\/es\/wp-json\/wp\/v2\/comments?post=20932"}],"version-history":[{"count":1,"href":"https:\/\/www.plust.it\/es\/wp-json\/wp\/v2\/pages\/20932\/revisions"}],"predecessor-version":[{"id":20933,"href":"https:\/\/www.plust.it\/es\/wp-json\/wp\/v2\/pages\/20932\/revisions\/20933"}],"wp:attachment":[{"href":"https:\/\/www.plust.it\/es\/wp-json\/wp\/v2\/media?parent=20932"}],"curies":[{"name":"wp","href":"https:\/\/api.w.org\/{rel}","templated":true}]}}