{"id":20851,"date":"2018-07-11T07:50:45","date_gmt":"2018-07-11T05:50:45","guid":{"rendered":"http:\/\/www.plust.it\/contactos\/newsletter\/"},"modified":"2018-07-12T12:26:48","modified_gmt":"2018-07-12T10:26:48","slug":"newsletter","status":"publish","type":"page","link":"https:\/\/www.plust.it\/es\/contactos\/newsletter\/","title":{"rendered":"Newsletter"},"content":{"rendered":"\n<div class=\"wpcf7 no-js\" id=\"wpcf7-f20848-o1\" lang=\"it-IT\" dir=\"ltr\">\n<div class=\"screen-reader-response\"><p role=\"status\" aria-live=\"polite\" aria-atomic=\"true\"><\/p> <ul><\/ul><\/div>\n<form action=\"\/es\/wp-json\/wp\/v2\/pages\/20851#wpcf7-f20848-o1\" method=\"post\" class=\"wpcf7-form init\" aria-label=\"Modulo di contatto\" novalidate=\"novalidate\" data-status=\"init\">\n<div style=\"display: none;\">\n<input type=\"hidden\" name=\"_wpcf7\" value=\"20848\" \/>\n<input type=\"hidden\" name=\"_wpcf7_version\" value=\"5.9.8\" \/>\n<input type=\"hidden\" name=\"_wpcf7_locale\" value=\"it_IT\" \/>\n<input type=\"hidden\" name=\"_wpcf7_unit_tag\" value=\"wpcf7-f20848-o1\" \/>\n<input type=\"hidden\" name=\"_wpcf7_container_post\" value=\"0\" \/>\n<input type=\"hidden\" name=\"_wpcf7_posted_data_hash\" value=\"\" \/>\n<\/div>\n<div class=\"contatti row\">\n  <div class=\"col-12\">\n    <span class=\"wpcf7-form-control-wrap\" data-name=\"nome-cognome\"><input size=\"40\" maxlength=\"400\" class=\"wpcf7-form-control wpcf7-text wpcf7-validates-as-required\" aria-required=\"true\" aria-invalid=\"false\" placeholder=\"Nombre y apellido\" value=\"\" type=\"text\" name=\"nome-cognome\" \/><\/span>\n  <\/div>\n  <div class=\"col-12\">\n    <span class=\"wpcf7-form-control-wrap\" data-name=\"azienda\"><input size=\"40\" maxlength=\"400\" class=\"wpcf7-form-control wpcf7-text wpcf7-validates-as-required\" aria-required=\"true\" aria-invalid=\"false\" placeholder=\"Empresa\" value=\"\" type=\"text\" name=\"azienda\" \/><\/span>\n  <\/div>\n  <div class=\"col-12\">\n    <span class=\"wpcf7-form-control-wrap\" data-name=\"email\"><input size=\"40\" maxlength=\"400\" class=\"wpcf7-form-control wpcf7-email wpcf7-validates-as-required wpcf7-text wpcf7-validates-as-email\" aria-required=\"true\" aria-invalid=\"false\" placeholder=\"Correo electr\u00f3nico\" value=\"\" type=\"email\" name=\"email\" \/><\/span>\n  <\/div>\n  <div class=\"col-12\">\n    <span class=\"wpcf7-form-control-wrap\" data-name=\"newsletter\"><span class=\"wpcf7-form-control wpcf7-checkbox wpcf7-validates-as-required d-inline\"><span class=\"wpcf7-list-item first last\"><input type=\"checkbox\" name=\"newsletter[]\" value=\"\" \/><span class=\"wpcf7-list-item-label\"><\/span><\/span><\/span><\/span><label class=\"form-check-label d-inline\"> Autorizo a enviarme comunicaciones comerciales y de marketing, incluso por correo electr\u00f3nico.<\/label>\n  <\/div>\n  <div class=\"col-12 mb-2\">\n    <small class=\"form-text text-muted\">Autorizo a recibir comunicaciones comerciales y de marketing, incluso por correo electr\u00f3nico. Declaraci\u00f3n de privacidad para el tratamiento de los datos de car\u00e1cter personal: Los datos recopilados despu\u00e9s del relleno del presente formulario pueden utilizarse para el env\u00edo de comunicaciones comerciales y de marketing. El relleno del formulario es facultativo. El registro requiere la descarga de \u201ccookies\u201d en el ordenador, indispensables para la gesti\u00f3n del servicio solicitado de tipo permanente. La autorizaci\u00f3n para el tratamiento de los datos personales habilita la descarga de estos cookies. Si los datos no se rellenan, o si no se da autorizaci\u00f3n alguna, no ser\u00e1 posible registrar la solicitud ni proporcionar los servicios requeridos. Los datos cumplimentados no se comunicar\u00e1n ni difundir\u00e1n fuera de la empresa; estos datos ser\u00e1n accesibles \u00fanicamente al personal involucrado en la distribuci\u00f3n de los servicios requeridos. El titular del tratamiento es euro3plast spa \u2013 Viale del Lavoro, 45 \u2013 36048 Ponte di Barbarano (Provincia de Vicenza). Se recuerda que se podr\u00e1n ejercitar los derechos previstos por el art\u00edculo 7 del C\u00f3digo de Privacidad y, en especial, la demanda de suspensi\u00f3n del env\u00edo de comunicaciones, mandando un correo a la casilla info@euro3plast.com.<\/small>\n  <\/div>\n  <div class=\"col-12\">\n    <input class=\"wpcf7-form-control wpcf7-submit has-spinner\" type=\"submit\" value=\"Enviar\" \/>\n  <\/div>\n<\/div><div class=\"wpcf7-response-output\" aria-hidden=\"true\"><\/div>\n<\/form>\n<\/div>\n\n","protected":false},"excerpt":{"rendered":"","protected":false},"author":1,"featured_media":0,"parent":504,"menu_order":32,"comment_status":"closed","ping_status":"closed","template":"","meta":{"footnotes":""},"class_list":["post-20851","page","type-page","status-publish","hentry"],"_links":{"self":[{"href":"https:\/\/www.plust.it\/es\/wp-json\/wp\/v2\/pages\/20851"}],"collection":[{"href":"https:\/\/www.plust.it\/es\/wp-json\/wp\/v2\/pages"}],"about":[{"href":"https:\/\/www.plust.it\/es\/wp-json\/wp\/v2\/types\/page"}],"author":[{"embeddable":true,"href":"https:\/\/www.plust.it\/es\/wp-json\/wp\/v2\/users\/1"}],"replies":[{"embeddable":true,"href":"https:\/\/www.plust.it\/es\/wp-json\/wp\/v2\/comments?post=20851"}],"version-history":[{"count":1,"href":"https:\/\/www.plust.it\/es\/wp-json\/wp\/v2\/pages\/20851\/revisions"}],"predecessor-version":[{"id":20853,"href":"https:\/\/www.plust.it\/es\/wp-json\/wp\/v2\/pages\/20851\/revisions\/20853"}],"up":[{"embeddable":true,"href":"https:\/\/www.plust.it\/es\/wp-json\/wp\/v2\/pages\/504"}],"wp:attachment":[{"href":"https:\/\/www.plust.it\/es\/wp-json\/wp\/v2\/media?parent=20851"}],"curies":[{"name":"wp","href":"https:\/\/api.w.org\/{rel}","templated":true}]}}