{"id":20738,"date":"2018-06-27T16:28:22","date_gmt":"2018-06-27T14:28:22","guid":{"rendered":"http:\/\/www.plust.it\/cataloghi\/"},"modified":"2025-10-10T09:39:35","modified_gmt":"2025-10-10T07:39:35","slug":"descargas-catalogo","status":"publish","type":"page","link":"https:\/\/www.plust.it\/es\/descargas-catalogo\/","title":{"rendered":"Descargas cat\u00e1logo"},"content":{"rendered":"<p>Descubre el mundo Plust, la sua historia y filosof\u00eda, la decoraci\u00f3n y accesorios para el exterior y la vida c\u00f3moda, los complementos de dise\u00f1o dedicados a los m\u00e1s peque\u00f1os, una selecci\u00f3n de maceteros de dise\u00f1o para combinar con la decoraci\u00f3n.<\/p>\n","protected":false},"excerpt":{"rendered":"<p>Descubre el mundo Plust, la sua historia y filosof\u00eda, la decoraci\u00f3n y accesorios para el exterior y la vida c\u00f3moda, los complementos de dise\u00f1o dedicados a los m\u00e1s peque\u00f1os, una selecci\u00f3n de maceteros de dise\u00f1o para combinar con la decoraci\u00f3n.<\/p>\n","protected":false},"author":1,"featured_media":58530,"parent":0,"menu_order":35,"comment_status":"closed","ping_status":"closed","template":"template-cataloghi.php","meta":{"footnotes":""},"class_list":["post-20738","page","type-page","status-publish","has-post-thumbnail","hentry"],"_links":{"self":[{"href":"https:\/\/www.plust.it\/es\/wp-json\/wp\/v2\/pages\/20738"}],"collection":[{"href":"https:\/\/www.plust.it\/es\/wp-json\/wp\/v2\/pages"}],"about":[{"href":"https:\/\/www.plust.it\/es\/wp-json\/wp\/v2\/types\/page"}],"author":[{"embeddable":true,"href":"https:\/\/www.plust.it\/es\/wp-json\/wp\/v2\/users\/1"}],"replies":[{"embeddable":true,"href":"https:\/\/www.plust.it\/es\/wp-json\/wp\/v2\/comments?post=20738"}],"version-history":[{"count":40,"href":"https:\/\/www.plust.it\/es\/wp-json\/wp\/v2\/pages\/20738\/revisions"}],"predecessor-version":[{"id":58515,"href":"https:\/\/www.plust.it\/es\/wp-json\/wp\/v2\/pages\/20738\/revisions\/58515"}],"wp:featuredmedia":[{"embeddable":true,"href":"https:\/\/www.plust.it\/es\/wp-json\/wp\/v2\/media\/58530"}],"wp:attachment":[{"href":"https:\/\/www.plust.it\/es\/wp-json\/wp\/v2\/media?parent=20738"}],"curies":[{"name":"wp","href":"https:\/\/api.w.org\/{rel}","templated":true}]}}